{"id":1799,"date":"2019-12-26T12:44:46","date_gmt":"2019-12-26T12:44:46","guid":{"rendered":"https:\/\/zilecruise.com\/croisiere-ile-maurice\/croisiere-golf\/"},"modified":"2021-03-01T19:52:50","modified_gmt":"2021-03-01T19:52:50","slug":"croisiere-golf","status":"publish","type":"product","link":"https:\/\/zilecruise.com\/fr\/croisieres\/croisiere-golf\/","title":{"rendered":"Croisi\u00e8re golf"},"content":{"rendered":"<p>L\u2019ile Maurice qui est l\u2019ile principale, poss\u00e8de un nombre important de petites iles vierges et une multitude de lagon. Il est presque impossible de ne pas tomber amoureux de ses incroyables eaux cristallines, de ses plages de sable blanc, ainsi que des traditions et de la cordialit\u00e9 du peuple Mauricien.<\/p>\n<p>Quelques soit la dur\u00e9e de votre croisi\u00e8re, vous aurez la chance de vivre une vie r\u00e9elle et authentique sur un catamaran et de participer \u00e0 des activit\u00e9s telles que la plong\u00e9e en apn\u00e9e, qui vous \u00e9merveilleront devant la vari\u00e9t\u00e9 et la richesse de la vie marine de Maurice. Pratiquer (en option) le kayak, la plong\u00e9e en bouteilles et bien entendu LE GOLF dont vous pourrez appr\u00e9cier toute la diversit\u00e9 des golfs mauricien en faisant un golf diff\u00e9rent tous les jours ou bien de choisir vous-m\u00eame le golf du jour (green fees en supp).<\/p>\n<p>Bien entendu, vous ne serez pas obliger de golfer tous les jours et pourrez \u00e0 votre convenance prendre du temps off pour profiter de bien d\u2019autres moments extraordinaires et d\u00e9couvrir la beaut\u00e9 de la nature environnante, explorer sur terre la culture et les traditions locales ou simplement vous d\u00e9tendre, vous allonger et prendre un bain de soleil sur notre bateau spacieux et confortable. En plus de tout cela, nous pr\u00e9parerons une cuisine riche et savoureuse, o\u00f9 Maurice, l\u2019inde et bien d\u2019autres d\u00e9lices de l\u2019oc\u00e9an indien. Se m\u00e9langent pour cr\u00e9er une d\u00e9licieuse fusion de saveurs et de cultures (beaucoup de poisson et de fruits de mer). L\u2019itin\u00e9raire peut \u00eatre modifi\u00e9 en fonction de la m\u00e9t\u00e9o du moment et avec votre accord. N&rsquo;h\u00e9sitez pas \u00e0 nous contacter pour plus d&rsquo;informations.<\/p>\n<p>Merci et \u00e0 tr\u00e8s bient\u00f4t !<br \/>\n<!--more--><\/p>\n<table class=\"table table-bordered tours-tabs__table\" style=\"height: 233px;\" width=\"862\">\n<tbody>\n<tr>\n<td><strong>PRIX<\/strong><\/td>\n<td>Le prix affich\u00e9 est par personne et par jour<\/td>\n<\/tr>\n<tr>\n<td><strong>LIEU DE D\u00c9PART \/ RETOUR<br \/>\n<\/strong><\/td>\n<td>Grand Baie, Maurice<\/td>\n<\/tr>\n<tr>\n<td><strong>HEURE DE D\u00c9PART<br \/>\n<\/strong><\/td>\n<td>Veuillez arriver \u00e0 14h pour un d\u00e9part vers 15h<\/td>\n<\/tr>\n<tr>\n<td><strong>HEURE DE RETOUR<br \/>\n<\/strong><\/td>\n<td>Vers 11h<\/td>\n<\/tr>\n<tr>\n<td><strong>HABITS<\/strong><\/td>\n<td>V\u00eatements athl\u00e9tiques confortables, bottes de randonn\u00e9e, chapeau, veste et cr\u00e8me solaire.<\/td>\n<\/tr>\n<tr>\n<td><strong>INCLUS<\/strong><\/td>\n<td>\n<table class=\"table table-bordered\" style=\"height: 62px;\" width=\"300\">\n<tbody>\n<tr>\n<td>[icon_tick state=\u00a0\u00bbon\u00a0\u00bb]Capitaine parlant anglais, francais, cr\u00e9ole, second<\/td>\n<td>[icon_tick state=\u00a0\u00bbon\u00a0\u00bb]Navette \u00e0 l\u2019arriv\u00e9 et au d\u00e9part de votre hotel<\/td>\n<\/tr>\n<tr>\n<td>[icon_tick state=\u00a0\u00bbon\u00a0\u00bb]Draps<\/td>\n<td>[icon_tick state=\u00a0\u00bbon\u00a0\u00bb]frais et taxes de s\u00e9jour<\/td>\n<\/tr>\n<tr>\n<td>[icon_tick state=\u00a0\u00bbon\u00a0\u00bb]Mouillages<\/td>\n<td>[icon_tick state=\u00a0\u00bbon\u00a0\u00bb]Gasoil<\/td>\n<\/tr>\n<tr>\n<td>[icon_tick state=\u00a0\u00bbon\u00a0\u00bb]Annexe + moteur hors bord<\/td>\n<\/tr>\n<\/tbody>\n<\/table>\n<\/td>\n<\/tr>\n<tr>\n<td style=\"width: 27.3672%;\"><strong>NON-INCLUS<\/strong><\/td>\n<td style=\"width: 71.8245%;\">\n<table class=\"table table-bordered\" style=\"height: 62px;\" width=\"300\">\n<tbody>\n<tr>\n<td>[icon_tick state=\u00a0\u00bboff\u00a0\u00bb]Plong\u00e9es bouteille<\/td>\n<td>[icon_tick state=\u00a0\u00bboff\u00a0\u00bb]Repas<\/td>\n<\/tr>\n<tr>\n<td>[icon_tick state=\u00a0\u00bboff\u00a0\u00bb]Pourboires<\/td>\n<td>[icon_tick state=\u00a0\u00bboff\u00a0\u00bb]Visites<\/td>\n<\/tr>\n<tr>\n<td>[icon_tick state=\u00a0\u00bboff\u00a0\u00bb]Caisse de bord<\/td>\n<td>[icon_tick state=\u00a0\u00bboff\u00a0\u00bb]Serviettes<\/td>\n<\/tr>\n<tr>\n<td>[icon_tick state=\u00a0\u00bboff\u00a0\u00bb]Tout autres frais non mentionn\u00e9s<\/td>\n<\/tr>\n<\/tbody>\n<\/table>\n<\/td>\n<\/tr>\n<\/tbody>\n<\/table>\n<p>&nbsp;<\/p>\n","protected":false},"excerpt":{"rendered":"<p>Maurice abrite des terrains de golf incroyables. Explorez le littoral spectaculaire mauricien avec Z\u2019ile Cruise, tout en vous rendant sur les incroyables parcours de golf de Maurice.<\/p>\n","protected":false},"featured_media":1800,"template":"","meta":{"_monsterinsights_skip_tracking":false,"_monsterinsights_sitenote_active":false,"_monsterinsights_sitenote_note":"","_monsterinsights_sitenote_category":0},"product_brand":[],"product_cat":[148,103],"product_tag":[],"class_list":{"0":"post-1799","1":"product","2":"type-product","3":"status-publish","4":"has-post-thumbnail","6":"product_cat-croisiere-golf","7":"product_cat-croisiere-jounree","9":"first","10":"instock","11":"virtual","12":"purchasable","13":"product-type-simple"},"yoast_head":"<!-- This site is optimized with the Yoast SEO plugin v27.0 - https:\/\/yoast.com\/product\/yoast-seo-wordpress\/ -->\n<title>Croisi\u00e8re Golf Ile Maurice | Croisi\u00e8re Catamaran Ile Maurice<\/title>\n<meta name=\"description\" content=\"D\u00e9couvrez les plus beaux d\u00e9cors naturels et acc\u00e9dez aux magnifiques terrains de golf qui entourent l&#039;\u00eele au bord de la mer en catamaran.\" \/>\n<meta name=\"robots\" content=\"index, follow, max-snippet:-1, max-image-preview:large, max-video-preview:-1\" \/>\n<link rel=\"canonical\" href=\"https:\/\/zilecruise.com\/croisieres\/golf-cruise\/\" \/>\n<meta property=\"og:locale\" content=\"fr_FR\" \/>\n<meta property=\"og:type\" content=\"article\" \/>\n<meta property=\"og:title\" content=\"Croisi\u00e8re Golf Ile Maurice | Croisi\u00e8re Catamaran Ile Maurice\" \/>\n<meta property=\"og:description\" content=\"D\u00e9couvrez les plus beaux d\u00e9cors naturels et acc\u00e9dez aux magnifiques terrains de golf qui entourent l&#039;\u00eele au bord de la mer en catamaran.\" \/>\n<meta property=\"og:url\" content=\"https:\/\/zilecruise.com\/croisieres\/golf-cruise\/\" \/>\n<meta property=\"og:site_name\" content=\"ZileCruise\" \/>\n<meta property=\"article:modified_time\" content=\"2021-03-01T19:52:50+00:00\" \/>\n<meta property=\"og:image\" content=\"https:\/\/zilecruise.com\/wp-content\/uploads\/2019\/11\/golf-sailing-zile-cruise-1024x1024.jpg\" \/>\n\t<meta property=\"og:image:width\" content=\"1024\" \/>\n\t<meta property=\"og:image:height\" content=\"1024\" \/>\n\t<meta property=\"og:image:type\" content=\"image\/jpeg\" \/>\n<meta name=\"twitter:card\" content=\"summary_large_image\" \/>\n<meta name=\"twitter:label1\" content=\"Dur\u00e9e de lecture estim\u00e9e\" \/>\n\t<meta name=\"twitter:data1\" content=\"2 minutes\" \/>\n<script type=\"application\/ld+json\" class=\"yoast-schema-graph\">{\"@context\":\"https:\/\/schema.org\",\"@graph\":[{\"@type\":\"WebPage\",\"@id\":\"https:\/\/zilecruise.com\/croisieres\/golf-cruise\/\",\"url\":\"https:\/\/zilecruise.com\/croisieres\/golf-cruise\/\",\"name\":\"Croisi\u00e8re Golf Ile Maurice | Croisi\u00e8re Catamaran Ile Maurice\",\"isPartOf\":{\"@id\":\"https:\/\/zilecruise.com\/#website\"},\"primaryImageOfPage\":{\"@id\":\"https:\/\/zilecruise.com\/croisieres\/golf-cruise\/#primaryimage\"},\"image\":{\"@id\":\"https:\/\/zilecruise.com\/croisieres\/golf-cruise\/#primaryimage\"},\"thumbnailUrl\":\"https:\/\/zilecruise.com\/wp-content\/uploads\/2019\/11\/golf-sailing-zile-cruise-1024x1024.jpg\",\"datePublished\":\"2019-12-26T12:44:46+00:00\",\"dateModified\":\"2021-03-01T19:52:50+00:00\",\"description\":\"D\u00e9couvrez les plus beaux d\u00e9cors naturels et acc\u00e9dez aux magnifiques terrains de golf qui entourent l'\u00eele au bord de la mer en catamaran.\",\"breadcrumb\":{\"@id\":\"https:\/\/zilecruise.com\/croisieres\/golf-cruise\/#breadcrumb\"},\"inLanguage\":\"fr-FR\",\"potentialAction\":[{\"@type\":\"ReadAction\",\"target\":[\"https:\/\/zilecruise.com\/croisieres\/golf-cruise\/\"]}]},{\"@type\":\"ImageObject\",\"inLanguage\":\"fr-FR\",\"@id\":\"https:\/\/zilecruise.com\/croisieres\/golf-cruise\/#primaryimage\",\"url\":\"https:\/\/zilecruise.com\/wp-content\/uploads\/2019\/11\/golf-sailing-zile-cruise-1024x1024.jpg\",\"contentUrl\":\"https:\/\/zilecruise.com\/wp-content\/uploads\/2019\/11\/golf-sailing-zile-cruise-1024x1024.jpg\",\"width\":1024,\"height\":1024,\"caption\":\"Croisi\u00e8re Golf Ile Maurice\"},{\"@type\":\"BreadcrumbList\",\"@id\":\"https:\/\/zilecruise.com\/croisieres\/golf-cruise\/#breadcrumb\",\"itemListElement\":[{\"@type\":\"ListItem\",\"position\":1,\"name\":\"Home\",\"item\":\"https:\/\/zilecruise.com\/\"},{\"@type\":\"ListItem\",\"position\":2,\"name\":\"Croisi\u00e8re golf\"}]},{\"@type\":\"WebSite\",\"@id\":\"https:\/\/zilecruise.com\/#website\",\"url\":\"https:\/\/zilecruise.com\/\",\"name\":\"ZileCruise\",\"description\":\"Croisi\u00e8re Privative en Catamaran\",\"potentialAction\":[{\"@type\":\"SearchAction\",\"target\":{\"@type\":\"EntryPoint\",\"urlTemplate\":\"https:\/\/zilecruise.com\/?s={search_term_string}\"},\"query-input\":{\"@type\":\"PropertyValueSpecification\",\"valueRequired\":true,\"valueName\":\"search_term_string\"}}],\"inLanguage\":\"fr-FR\"}]}<\/script>\n<!-- \/ Yoast SEO plugin. -->","yoast_head_json":{"title":"Croisi\u00e8re Golf Ile Maurice | Croisi\u00e8re Catamaran Ile Maurice","description":"D\u00e9couvrez les plus beaux d\u00e9cors naturels et acc\u00e9dez aux magnifiques terrains de golf qui entourent l'\u00eele au bord de la mer en catamaran.","robots":{"index":"index","follow":"follow","max-snippet":"max-snippet:-1","max-image-preview":"max-image-preview:large","max-video-preview":"max-video-preview:-1"},"canonical":"https:\/\/zilecruise.com\/croisieres\/golf-cruise\/","og_locale":"fr_FR","og_type":"article","og_title":"Croisi\u00e8re Golf Ile Maurice | Croisi\u00e8re Catamaran Ile Maurice","og_description":"D\u00e9couvrez les plus beaux d\u00e9cors naturels et acc\u00e9dez aux magnifiques terrains de golf qui entourent l'\u00eele au bord de la mer en catamaran.","og_url":"https:\/\/zilecruise.com\/croisieres\/golf-cruise\/","og_site_name":"ZileCruise","article_modified_time":"2021-03-01T19:52:50+00:00","og_image":[{"width":1024,"height":1024,"url":"https:\/\/zilecruise.com\/wp-content\/uploads\/2019\/11\/golf-sailing-zile-cruise-1024x1024.jpg","type":"image\/jpeg"}],"twitter_card":"summary_large_image","twitter_misc":{"Dur\u00e9e de lecture estim\u00e9e":"2 minutes"},"schema":{"@context":"https:\/\/schema.org","@graph":[{"@type":"WebPage","@id":"https:\/\/zilecruise.com\/croisieres\/golf-cruise\/","url":"https:\/\/zilecruise.com\/croisieres\/golf-cruise\/","name":"Croisi\u00e8re Golf Ile Maurice | Croisi\u00e8re Catamaran Ile Maurice","isPartOf":{"@id":"https:\/\/zilecruise.com\/#website"},"primaryImageOfPage":{"@id":"https:\/\/zilecruise.com\/croisieres\/golf-cruise\/#primaryimage"},"image":{"@id":"https:\/\/zilecruise.com\/croisieres\/golf-cruise\/#primaryimage"},"thumbnailUrl":"https:\/\/zilecruise.com\/wp-content\/uploads\/2019\/11\/golf-sailing-zile-cruise-1024x1024.jpg","datePublished":"2019-12-26T12:44:46+00:00","dateModified":"2021-03-01T19:52:50+00:00","description":"D\u00e9couvrez les plus beaux d\u00e9cors naturels et acc\u00e9dez aux magnifiques terrains de golf qui entourent l'\u00eele au bord de la mer en catamaran.","breadcrumb":{"@id":"https:\/\/zilecruise.com\/croisieres\/golf-cruise\/#breadcrumb"},"inLanguage":"fr-FR","potentialAction":[{"@type":"ReadAction","target":["https:\/\/zilecruise.com\/croisieres\/golf-cruise\/"]}]},{"@type":"ImageObject","inLanguage":"fr-FR","@id":"https:\/\/zilecruise.com\/croisieres\/golf-cruise\/#primaryimage","url":"https:\/\/zilecruise.com\/wp-content\/uploads\/2019\/11\/golf-sailing-zile-cruise-1024x1024.jpg","contentUrl":"https:\/\/zilecruise.com\/wp-content\/uploads\/2019\/11\/golf-sailing-zile-cruise-1024x1024.jpg","width":1024,"height":1024,"caption":"Croisi\u00e8re Golf Ile Maurice"},{"@type":"BreadcrumbList","@id":"https:\/\/zilecruise.com\/croisieres\/golf-cruise\/#breadcrumb","itemListElement":[{"@type":"ListItem","position":1,"name":"Home","item":"https:\/\/zilecruise.com\/"},{"@type":"ListItem","position":2,"name":"Croisi\u00e8re golf"}]},{"@type":"WebSite","@id":"https:\/\/zilecruise.com\/#website","url":"https:\/\/zilecruise.com\/","name":"ZileCruise","description":"Croisi\u00e8re Privative en Catamaran","potentialAction":[{"@type":"SearchAction","target":{"@type":"EntryPoint","urlTemplate":"https:\/\/zilecruise.com\/?s={search_term_string}"},"query-input":{"@type":"PropertyValueSpecification","valueRequired":true,"valueName":"search_term_string"}}],"inLanguage":"fr-FR"}]}},"_links":{"self":[{"href":"https:\/\/zilecruise.com\/fr\/wp-json\/wp\/v2\/product\/1799","targetHints":{"allow":["GET"]}}],"collection":[{"href":"https:\/\/zilecruise.com\/fr\/wp-json\/wp\/v2\/product"}],"about":[{"href":"https:\/\/zilecruise.com\/fr\/wp-json\/wp\/v2\/types\/product"}],"version-history":[{"count":1,"href":"https:\/\/zilecruise.com\/fr\/wp-json\/wp\/v2\/product\/1799\/revisions"}],"predecessor-version":[{"id":1876,"href":"https:\/\/zilecruise.com\/fr\/wp-json\/wp\/v2\/product\/1799\/revisions\/1876"}],"wp:featuredmedia":[{"embeddable":true,"href":"https:\/\/zilecruise.com\/fr\/wp-json\/wp\/v2\/media\/1800"}],"wp:attachment":[{"href":"https:\/\/zilecruise.com\/fr\/wp-json\/wp\/v2\/media?parent=1799"}],"wp:term":[{"taxonomy":"product_brand","embeddable":true,"href":"https:\/\/zilecruise.com\/fr\/wp-json\/wp\/v2\/product_brand?post=1799"},{"taxonomy":"product_cat","embeddable":true,"href":"https:\/\/zilecruise.com\/fr\/wp-json\/wp\/v2\/product_cat?post=1799"},{"taxonomy":"product_tag","embeddable":true,"href":"https:\/\/zilecruise.com\/fr\/wp-json\/wp\/v2\/product_tag?post=1799"}],"curies":[{"name":"wp","href":"https:\/\/api.w.org\/{rel}","templated":true}]}}