{"id":4271,"date":"2020-02-19T11:01:08","date_gmt":"2020-02-19T11:01:08","guid":{"rendered":"https:\/\/zilecruise.com\/contact\/"},"modified":"2023-02-16T12:05:48","modified_gmt":"2023-02-16T12:05:48","slug":"contactez-nous","status":"publish","type":"page","link":"https:\/\/zilecruise.com\/fr\/contactez-nous\/","title":{"rendered":"Contactez nous"},"content":{"rendered":"\t\t<div data-elementor-type=\"wp-page\" data-elementor-id=\"4271\" class=\"elementor elementor-4271 elementor-364\" data-elementor-post-type=\"page\">\n\t\t\t\t\t\t<section class=\"elementor-section elementor-top-section elementor-element elementor-element-d1d7426 elementor-section-full_width elementor-section-height-default elementor-section-height-default\" data-id=\"d1d7426\" data-element_type=\"section\" data-e-type=\"section\">\n\t\t\t\t\t\t<div class=\"elementor-container elementor-column-gap-default\">\n\t\t\t\t\t<div class=\"elementor-column elementor-col-100 elementor-top-column elementor-element elementor-element-bec8e99\" data-id=\"bec8e99\" data-element_type=\"column\" data-e-type=\"column\">\n\t\t\t<div class=\"elementor-widget-wrap elementor-element-populated\">\n\t\t\t\t\t\t<div class=\"elementor-element elementor-element-30b486b elementor--h-position-center elementor--v-position-middle elementor-pagination-position-inside elementor-widget elementor-widget-slides\" data-id=\"30b486b\" data-element_type=\"widget\" data-e-type=\"widget\" data-settings=\"{&quot;navigation&quot;:&quot;dots&quot;,&quot;_animation&quot;:&quot;none&quot;,&quot;autoplay&quot;:&quot;yes&quot;,&quot;pause_on_hover&quot;:&quot;yes&quot;,&quot;pause_on_interaction&quot;:&quot;yes&quot;,&quot;autoplay_speed&quot;:5000,&quot;infinite&quot;:&quot;yes&quot;,&quot;transition&quot;:&quot;slide&quot;,&quot;transition_speed&quot;:500}\" data-widget_type=\"slides.default\">\n\t\t\t\t<div class=\"elementor-widget-container\">\n\t\t\t\t\t\t\t\t\t<div class=\"elementor-swiper\">\n\t\t\t\t\t<div class=\"elementor-slides-wrapper elementor-main-swiper swiper\" role=\"region\" aria-roledescription=\"carousel\" aria-label=\"Diapositives\" dir=\"ltr\" data-animation=\"fadeInUp\">\n\t\t\t\t<div class=\"swiper-wrapper elementor-slides\">\n\t\t\t\t\t\t\t\t\t\t<div class=\"elementor-repeater-item-46719e7 swiper-slide\" role=\"group\" aria-roledescription=\"slide\"><div class=\"swiper-slide-bg elementor-ken-burns elementor-ken-burns--out\" role=\"img\" aria-label=\"D\u00e9tente \u00e0 bord du Cooper Sunset croisi\u00e8re privative Ile Maurice\"><\/div><div class=\"swiper-slide-inner\" ><div class=\"swiper-slide-contents\"><div class=\"elementor-slide-description\">\n<\/div><\/div><\/div><\/div>\t\t\t\t<\/div>\n\t\t\t\t\t\t\t<\/div>\n\t\t\t\t<\/div>\n\t\t\t\t\t\t\t\t<\/div>\n\t\t\t\t<\/div>\n\t\t\t\t\t<\/div>\n\t\t<\/div>\n\t\t\t\t\t<\/div>\n\t\t<\/section>\n\t\t\t\t<section class=\"elementor-section elementor-top-section elementor-element elementor-element-666a939 elementor-section-boxed elementor-section-height-default elementor-section-height-default\" data-id=\"666a939\" data-element_type=\"section\" data-e-type=\"section\">\n\t\t\t\t\t\t<div class=\"elementor-container elementor-column-gap-default\">\n\t\t\t\t\t<div class=\"elementor-column elementor-col-100 elementor-top-column elementor-element elementor-element-481a3d1\" data-id=\"481a3d1\" data-element_type=\"column\" data-e-type=\"column\" data-settings=\"{&quot;background_background&quot;:&quot;classic&quot;}\">\n\t\t\t<div class=\"elementor-widget-wrap elementor-element-populated\">\n\t\t\t\t\t\t<div class=\"elementor-element elementor-element-1466071 elementor-widget elementor-widget-heading\" data-id=\"1466071\" data-element_type=\"widget\" data-e-type=\"widget\" data-widget_type=\"heading.default\">\n\t\t\t\t<div class=\"elementor-widget-container\">\n\t\t\t\t\t<h2 class=\"elementor-heading-title elementor-size-default\">Vous avez des questions ?<\/h2>\t\t\t\t<\/div>\n\t\t\t\t<\/div>\n\t\t\t\t<div class=\"elementor-element elementor-element-df12b73 elementor-widget elementor-widget-heading\" data-id=\"df12b73\" data-element_type=\"widget\" data-e-type=\"widget\" data-widget_type=\"heading.default\">\n\t\t\t\t<div class=\"elementor-widget-container\">\n\t\t\t\t\t<p class=\"elementor-heading-title elementor-size-default\">COORDONN\u00c9ES\n<\/p>\t\t\t\t<\/div>\n\t\t\t\t<\/div>\n\t\t\t\t<div class=\"elementor-element elementor-element-c083e70 elementor-widget elementor-widget-text-editor\" data-id=\"c083e70\" data-element_type=\"widget\" data-e-type=\"widget\" data-widget_type=\"text-editor.default\">\n\t\t\t\t<div class=\"elementor-widget-container\">\n\t\t\t\t\t\t\t\t\t<p>Si vous avez une histoire \u00e0 partager ou une question, vous pouvez nous contacter en remplissant le formulaire ci-dessous.<\/p>\t\t\t\t\t\t\t\t<\/div>\n\t\t\t\t<\/div>\n\t\t\t\t\t<\/div>\n\t\t<\/div>\n\t\t\t\t\t<\/div>\n\t\t<\/section>\n\t\t\t\t<section class=\"elementor-section elementor-top-section elementor-element elementor-element-c9f70aa elementor-section-boxed elementor-section-height-default elementor-section-height-default\" data-id=\"c9f70aa\" data-element_type=\"section\" data-e-type=\"section\" data-settings=\"{&quot;background_background&quot;:&quot;classic&quot;}\">\n\t\t\t\t\t\t<div class=\"elementor-container elementor-column-gap-default\">\n\t\t\t\t\t<div class=\"elementor-column elementor-col-100 elementor-top-column elementor-element elementor-element-51f2105\" data-id=\"51f2105\" data-element_type=\"column\" data-e-type=\"column\">\n\t\t\t<div class=\"elementor-widget-wrap elementor-element-populated\">\n\t\t\t\t\t\t<section class=\"elementor-section elementor-inner-section elementor-element elementor-element-bfd25e9 elementor-section-boxed elementor-section-height-default elementor-section-height-default\" data-id=\"bfd25e9\" data-element_type=\"section\" data-e-type=\"section\">\n\t\t\t\t\t\t<div class=\"elementor-container elementor-column-gap-default\">\n\t\t\t\t\t<div class=\"elementor-column elementor-col-50 elementor-inner-column elementor-element elementor-element-77fce4d\" data-id=\"77fce4d\" data-element_type=\"column\" data-e-type=\"column\">\n\t\t\t<div class=\"elementor-widget-wrap elementor-element-populated\">\n\t\t\t\t\t\t<div class=\"elementor-element elementor-element-8fd7314 elementor-widget elementor-widget-text-editor\" data-id=\"8fd7314\" data-element_type=\"widget\" data-e-type=\"widget\" data-widget_type=\"text-editor.default\">\n\t\t\t\t<div class=\"elementor-widget-container\">\n\t\t\t\t\t\t\t\t\t<h3>ENVOYEZ VOTRE MESSAGE<\/h3>\t\t\t\t\t\t\t\t<\/div>\n\t\t\t\t<\/div>\n\t\t\t\t<div class=\"elementor-element elementor-element-324a186 elementor-widget elementor-widget-heading\" data-id=\"324a186\" data-element_type=\"widget\" data-e-type=\"widget\" data-widget_type=\"heading.default\">\n\t\t\t\t<div class=\"elementor-widget-container\">\n\t\t\t\t\t<p class=\"elementor-heading-title elementor-size-default\">N\u2019h\u00e9sitez pas \u00e0 nous contacter<\/p>\t\t\t\t<\/div>\n\t\t\t\t<\/div>\n\t\t\t\t<div class=\"elementor-element elementor-element-343e85f elementor-button-align-stretch elementor-widget elementor-widget-form\" data-id=\"343e85f\" data-element_type=\"widget\" data-e-type=\"widget\" data-settings=\"{&quot;step_next_label&quot;:&quot;Next&quot;,&quot;step_previous_label&quot;:&quot;Previous&quot;,&quot;button_width&quot;:&quot;100&quot;,&quot;step_type&quot;:&quot;number_text&quot;,&quot;step_icon_shape&quot;:&quot;circle&quot;}\" data-widget_type=\"form.default\">\n\t\t\t\t<div class=\"elementor-widget-container\">\n\t\t\t\t\t\t\t<form class=\"elementor-form\" method=\"post\" name=\"Contact\" aria-label=\"Contact\">\n\t\t\t<input type=\"hidden\" name=\"post_id\" value=\"4271\"\/>\n\t\t\t<input type=\"hidden\" name=\"form_id\" value=\"343e85f\"\/>\n\t\t\t<input type=\"hidden\" name=\"referer_title\" value=\"R\u00e9servez votre Croisi\u00e8re Priv\u00e9e en Catamaran Ile Maurice ou St Brandon\" \/>\n\n\t\t\t\t\t\t\t<input type=\"hidden\" name=\"queried_id\" value=\"4271\"\/>\n\t\t\t\n\t\t\t<div class=\"elementor-form-fields-wrapper elementor-labels-above\">\n\t\t\t\t\t\t\t\t<div class=\"elementor-field-type-text elementor-field-group elementor-column elementor-field-group-field_7d04848 elementor-col-50 elementor-field-required\">\n\t\t\t\t\t\t\t\t\t\t\t\t<label for=\"form-field-field_7d04848\" class=\"elementor-field-label\">\n\t\t\t\t\t\t\t\tVotre nom\t\t\t\t\t\t\t<\/label>\n\t\t\t\t\t\t\t\t\t\t\t\t\t\t<input size=\"1\" type=\"text\" name=\"form_fields[field_7d04848]\" id=\"form-field-field_7d04848\" class=\"elementor-field elementor-size-sm  elementor-field-textual\" placeholder=\"Votre nom\" required=\"required\">\n\t\t\t\t\t\t\t\t\t\t\t<\/div>\n\t\t\t\t\t\t\t\t<div class=\"elementor-field-type-email elementor-field-group elementor-column elementor-field-group-email elementor-col-50 elementor-field-required\">\n\t\t\t\t\t\t\t\t\t\t\t\t<label for=\"form-field-email\" class=\"elementor-field-label\">\n\t\t\t\t\t\t\t\tEmail\t\t\t\t\t\t\t<\/label>\n\t\t\t\t\t\t\t\t\t\t\t\t\t\t<input size=\"1\" type=\"email\" name=\"form_fields[email]\" id=\"form-field-email\" class=\"elementor-field elementor-size-sm  elementor-field-textual\" required=\"required\">\n\t\t\t\t\t\t\t\t\t\t\t<\/div>\n\t\t\t\t\t\t\t\t<div class=\"elementor-field-type-text elementor-field-group elementor-column elementor-field-group-field_b773d9c elementor-col-100\">\n\t\t\t\t\t\t\t\t\t\t\t\t<label for=\"form-field-field_b773d9c\" class=\"elementor-field-label\">\n\t\t\t\t\t\t\t\tSujet\t\t\t\t\t\t\t<\/label>\n\t\t\t\t\t\t\t\t\t\t\t\t\t\t<input size=\"1\" type=\"text\" name=\"form_fields[field_b773d9c]\" id=\"form-field-field_b773d9c\" class=\"elementor-field elementor-size-sm  elementor-field-textual\" placeholder=\"Sujet\">\n\t\t\t\t\t\t\t\t\t\t\t<\/div>\n\t\t\t\t\t\t\t\t<div class=\"elementor-field-type-textarea elementor-field-group elementor-column elementor-field-group-field_b2af005 elementor-col-100\">\n\t\t\t\t\t\t\t\t\t\t\t\t<label for=\"form-field-field_b2af005\" class=\"elementor-field-label\">\n\t\t\t\t\t\t\t\tMessage\t\t\t\t\t\t\t<\/label>\n\t\t\t\t\t\t<textarea class=\"elementor-field-textual elementor-field  elementor-size-sm\" name=\"form_fields[field_b2af005]\" id=\"form-field-field_b2af005\" rows=\"4\" placeholder=\"Ecrivez votre message\"><\/textarea>\t\t\t\t<\/div>\n\t\t\t\t\t\t\t\t<div class=\"elementor-field-group elementor-column elementor-field-type-submit elementor-col-100 e-form__buttons\">\n\t\t\t\t\t<button class=\"elementor-button elementor-size-md\" type=\"submit\">\n\t\t\t\t\t\t<span class=\"elementor-button-content-wrapper\">\n\t\t\t\t\t\t\t\t\t\t\t\t\t\t\t\t\t\t\t\t\t\t<span class=\"elementor-button-text\">Envoyez votre message<\/span>\n\t\t\t\t\t\t\t\t\t\t\t\t\t<\/span>\n\t\t\t\t\t<\/button>\n\t\t\t\t<\/div>\n\t\t\t<\/div>\n\t\t<\/form>\n\t\t\t\t\t\t<\/div>\n\t\t\t\t<\/div>\n\t\t\t\t\t<\/div>\n\t\t<\/div>\n\t\t\t\t<div class=\"elementor-column elementor-col-50 elementor-inner-column elementor-element elementor-element-263f3d5\" data-id=\"263f3d5\" data-element_type=\"column\" data-e-type=\"column\">\n\t\t\t<div class=\"elementor-widget-wrap elementor-element-populated\">\n\t\t\t\t\t\t<div class=\"elementor-element elementor-element-0393f69 elementor-widget elementor-widget-google_maps\" data-id=\"0393f69\" data-element_type=\"widget\" data-e-type=\"widget\" data-widget_type=\"google_maps.default\">\n\t\t\t\t<div class=\"elementor-widget-container\">\n\t\t\t\t\t\t\t<div class=\"elementor-custom-embed\">\n\t\t\t<iframe loading=\"lazy\"\n\t\t\t\t\tsrc=\"https:\/\/maps.google.com\/maps?q=zile%20cruise&#038;t=m&#038;z=12&#038;output=embed&#038;iwloc=near\"\n\t\t\t\t\ttitle=\"zile cruise\"\n\t\t\t\t\taria-label=\"zile cruise\"\n\t\t\t><\/iframe>\n\t\t<\/div>\n\t\t\t\t\t\t<\/div>\n\t\t\t\t<\/div>\n\t\t\t\t\t<\/div>\n\t\t<\/div>\n\t\t\t\t\t<\/div>\n\t\t<\/section>\n\t\t\t\t\t<\/div>\n\t\t<\/div>\n\t\t\t\t\t<\/div>\n\t\t<\/section>\n\t\t\t\t<\/div>\n\t\t","protected":false},"excerpt":{"rendered":"<p>Vous avez des questions ? COORDONN\u00c9ES Si vous avez une histoire \u00e0 partager ou une question, vous pouvez nous contacter en remplissant le formulaire ci-dessous. Adresse Sunset boulevard Royal Road, Grand Baie, \u00cele Maurice Whatsapp Christelle +230 59 43 80 06 Email info@zilecruise.com R\u00e9servez votre croisi\u00e8re APPELEZ NOUS Bureau +230 263 75 08 ENVOYEZ VOTRE [&hellip;]<\/p>\n","protected":false},"author":24783,"featured_media":0,"parent":0,"menu_order":0,"comment_status":"closed","ping_status":"closed","template":"elementor_header_footer","meta":{"_monsterinsights_skip_tracking":false,"_monsterinsights_sitenote_active":false,"_monsterinsights_sitenote_note":"","_monsterinsights_sitenote_category":0,"footnotes":""},"class_list":["post-4271","page","type-page","status-publish","hentry"],"yoast_head":"<!-- This site is optimized with the Yoast SEO plugin v27.0 - https:\/\/yoast.com\/product\/yoast-seo-wordpress\/ -->\n<title>R\u00e9servez votre Croisi\u00e8re Priv\u00e9e en Catamaran Ile Maurice ou St Brandon<\/title>\n<meta name=\"description\" content=\"Contactez-nous si vous \u00eates \u00e0 la recherche d&#039;une croisi\u00e8re priv\u00e9e en catamaran \u00e0 l&#039;\u00eele Maurice ou Saint Brandon.\" \/>\n<meta name=\"robots\" content=\"index, follow, max-snippet:-1, max-image-preview:large, max-video-preview:-1\" \/>\n<link rel=\"canonical\" href=\"https:\/\/zilecruise.com\/fr\/contactez-nous\/\" \/>\n<meta property=\"og:locale\" content=\"fr_FR\" \/>\n<meta property=\"og:type\" content=\"article\" \/>\n<meta property=\"og:title\" content=\"R\u00e9servez votre Croisi\u00e8re Priv\u00e9e en Catamaran Ile Maurice ou St Brandon\" \/>\n<meta property=\"og:description\" content=\"Contactez-nous si vous \u00eates \u00e0 la recherche d&#039;une croisi\u00e8re priv\u00e9e en catamaran \u00e0 l&#039;\u00eele Maurice ou Saint Brandon.\" \/>\n<meta property=\"og:url\" content=\"https:\/\/zilecruise.com\/fr\/contactez-nous\/\" \/>\n<meta property=\"og:site_name\" content=\"ZileCruise\" \/>\n<meta property=\"article:modified_time\" content=\"2023-02-16T12:05:48+00:00\" \/>\n<meta name=\"twitter:card\" content=\"summary_large_image\" \/>\n<meta name=\"twitter:label1\" content=\"Dur\u00e9e de lecture estim\u00e9e\" \/>\n\t<meta name=\"twitter:data1\" content=\"1 minute\" \/>\n<script type=\"application\/ld+json\" class=\"yoast-schema-graph\">{\"@context\":\"https:\/\/schema.org\",\"@graph\":[{\"@type\":\"WebPage\",\"@id\":\"https:\/\/zilecruise.com\/fr\/contactez-nous\/\",\"url\":\"https:\/\/zilecruise.com\/fr\/contactez-nous\/\",\"name\":\"R\u00e9servez votre Croisi\u00e8re Priv\u00e9e en Catamaran Ile Maurice ou St Brandon\",\"isPartOf\":{\"@id\":\"https:\/\/zilecruise.com\/#website\"},\"datePublished\":\"2020-02-19T11:01:08+00:00\",\"dateModified\":\"2023-02-16T12:05:48+00:00\",\"description\":\"Contactez-nous si vous \u00eates \u00e0 la recherche d'une croisi\u00e8re priv\u00e9e en catamaran \u00e0 l'\u00eele Maurice ou Saint Brandon.\",\"breadcrumb\":{\"@id\":\"https:\/\/zilecruise.com\/fr\/contactez-nous\/#breadcrumb\"},\"inLanguage\":\"fr-FR\",\"potentialAction\":[{\"@type\":\"ReadAction\",\"target\":[\"https:\/\/zilecruise.com\/fr\/contactez-nous\/\"]}]},{\"@type\":\"BreadcrumbList\",\"@id\":\"https:\/\/zilecruise.com\/fr\/contactez-nous\/#breadcrumb\",\"itemListElement\":[{\"@type\":\"ListItem\",\"position\":1,\"name\":\"Home\",\"item\":\"https:\/\/zilecruise.com\/\"},{\"@type\":\"ListItem\",\"position\":2,\"name\":\"Contactez nous\"}]},{\"@type\":\"WebSite\",\"@id\":\"https:\/\/zilecruise.com\/#website\",\"url\":\"https:\/\/zilecruise.com\/\",\"name\":\"ZileCruise\",\"description\":\"Croisi\u00e8re Privative en Catamaran\",\"potentialAction\":[{\"@type\":\"SearchAction\",\"target\":{\"@type\":\"EntryPoint\",\"urlTemplate\":\"https:\/\/zilecruise.com\/?s={search_term_string}\"},\"query-input\":{\"@type\":\"PropertyValueSpecification\",\"valueRequired\":true,\"valueName\":\"search_term_string\"}}],\"inLanguage\":\"fr-FR\"}]}<\/script>\n<!-- \/ Yoast SEO plugin. -->","yoast_head_json":{"title":"R\u00e9servez votre Croisi\u00e8re Priv\u00e9e en Catamaran Ile Maurice ou St Brandon","description":"Contactez-nous si vous \u00eates \u00e0 la recherche d'une croisi\u00e8re priv\u00e9e en catamaran \u00e0 l'\u00eele Maurice ou Saint Brandon.","robots":{"index":"index","follow":"follow","max-snippet":"max-snippet:-1","max-image-preview":"max-image-preview:large","max-video-preview":"max-video-preview:-1"},"canonical":"https:\/\/zilecruise.com\/fr\/contactez-nous\/","og_locale":"fr_FR","og_type":"article","og_title":"R\u00e9servez votre Croisi\u00e8re Priv\u00e9e en Catamaran Ile Maurice ou St Brandon","og_description":"Contactez-nous si vous \u00eates \u00e0 la recherche d'une croisi\u00e8re priv\u00e9e en catamaran \u00e0 l'\u00eele Maurice ou Saint Brandon.","og_url":"https:\/\/zilecruise.com\/fr\/contactez-nous\/","og_site_name":"ZileCruise","article_modified_time":"2023-02-16T12:05:48+00:00","twitter_card":"summary_large_image","twitter_misc":{"Dur\u00e9e de lecture estim\u00e9e":"1 minute"},"schema":{"@context":"https:\/\/schema.org","@graph":[{"@type":"WebPage","@id":"https:\/\/zilecruise.com\/fr\/contactez-nous\/","url":"https:\/\/zilecruise.com\/fr\/contactez-nous\/","name":"R\u00e9servez votre Croisi\u00e8re Priv\u00e9e en Catamaran Ile Maurice ou St Brandon","isPartOf":{"@id":"https:\/\/zilecruise.com\/#website"},"datePublished":"2020-02-19T11:01:08+00:00","dateModified":"2023-02-16T12:05:48+00:00","description":"Contactez-nous si vous \u00eates \u00e0 la recherche d'une croisi\u00e8re priv\u00e9e en catamaran \u00e0 l'\u00eele Maurice ou Saint Brandon.","breadcrumb":{"@id":"https:\/\/zilecruise.com\/fr\/contactez-nous\/#breadcrumb"},"inLanguage":"fr-FR","potentialAction":[{"@type":"ReadAction","target":["https:\/\/zilecruise.com\/fr\/contactez-nous\/"]}]},{"@type":"BreadcrumbList","@id":"https:\/\/zilecruise.com\/fr\/contactez-nous\/#breadcrumb","itemListElement":[{"@type":"ListItem","position":1,"name":"Home","item":"https:\/\/zilecruise.com\/"},{"@type":"ListItem","position":2,"name":"Contactez nous"}]},{"@type":"WebSite","@id":"https:\/\/zilecruise.com\/#website","url":"https:\/\/zilecruise.com\/","name":"ZileCruise","description":"Croisi\u00e8re Privative en Catamaran","potentialAction":[{"@type":"SearchAction","target":{"@type":"EntryPoint","urlTemplate":"https:\/\/zilecruise.com\/?s={search_term_string}"},"query-input":{"@type":"PropertyValueSpecification","valueRequired":true,"valueName":"search_term_string"}}],"inLanguage":"fr-FR"}]}},"_links":{"self":[{"href":"https:\/\/zilecruise.com\/fr\/wp-json\/wp\/v2\/pages\/4271","targetHints":{"allow":["GET"]}}],"collection":[{"href":"https:\/\/zilecruise.com\/fr\/wp-json\/wp\/v2\/pages"}],"about":[{"href":"https:\/\/zilecruise.com\/fr\/wp-json\/wp\/v2\/types\/page"}],"author":[{"embeddable":true,"href":"https:\/\/zilecruise.com\/fr\/wp-json\/wp\/v2\/users\/24783"}],"replies":[{"embeddable":true,"href":"https:\/\/zilecruise.com\/fr\/wp-json\/wp\/v2\/comments?post=4271"}],"version-history":[{"count":6,"href":"https:\/\/zilecruise.com\/fr\/wp-json\/wp\/v2\/pages\/4271\/revisions"}],"predecessor-version":[{"id":4408,"href":"https:\/\/zilecruise.com\/fr\/wp-json\/wp\/v2\/pages\/4271\/revisions\/4408"}],"wp:attachment":[{"href":"https:\/\/zilecruise.com\/fr\/wp-json\/wp\/v2\/media?parent=4271"}],"curies":[{"name":"wp","href":"https:\/\/api.w.org\/{rel}","templated":true}]}}